{"id":3126,"date":"2026-01-06T15:47:08","date_gmt":"2026-01-06T14:47:08","guid":{"rendered":"https:\/\/ntgs.weserve-wp-demo.ch\/?page_id=3126"},"modified":"2026-02-10T13:58:36","modified_gmt":"2026-02-10T12:58:36","slug":"schweine","status":"publish","type":"page","link":"https:\/\/ntgs.weserve-wp-demo.ch\/fr\/tiergesundheitsdienste\/schweine\/","title":{"rendered":"Porcs"},"content":{"rendered":"<h1><strong>Schweine<\/strong><\/h1>\n<p><p>\n        <a href=\"#inhalt\">Mehr erfahren<\/a>\n    <\/p>\n<\/p>\n<ul>\n<li>\n<div>\n<p>Im Bereich der Schweineproduktion arbeitet Nutztiergesundheit Schweiz (NTGS) mit den Anbietern des Schweinegesundheitsprogramms zusammen. Der Fokus liegt auf der Koordination von Massnahmen zur Pr\u00e4vention und Reduktion gesundheitlicher Risiken und fachlichem Austausch.<\/p>\n<ul>\n<li><a href=\"https:\/\/qualiporc.ch\/\">Der Gesundheitsservice der Qualiporc Genossenschaft (QGS) <\/a>ist ein Gesundheitsdienst f\u00fcr Schweine mit Schwerpunkt auf Tiergesundheit, Tierwohl und Programmen entlang der Wertsch\u00f6pfungskette.<\/li>\n<\/ul>\n<\/div>\n<\/li>\n<li>\n<div>\n<ul>\n<li>Die <a href=\"https:\/\/www.suisag.com\/ch-de\/\">SUISAG<\/a> ist ein innovatives, wertorientiertes Unternehmen f\u00fcr Schweizer Schweineproduzenten sowie internationale Genetikkunden und f\u00fchrend in den Bereichen Genetik, Gesundheitsprogramme und Servicequalit\u00e4t und f\u00f6rdert eine ganzheitliche Betrachtung von Genetik, Tiergesundheit und Herdenmanagement als Grundlage f\u00fcr eine wirtschaftliche und pr\u00e4ventiv ausgerichtete Schweinehaltung.<\/li>\n<\/ul>\n<\/div>\n<\/li>\n<\/ul>\n<p><!--more--><br \/>\n<!-- {\"type\":\"layout\",\"children\":[{\"name\":\"Hero - Unterseite\",\"type\":\"section\",\"props\":{\"animation\":\"slide-bottom-medium\",\"animation_delay\":\"200\",\"header_transparent\":false,\"header_transparent_noplaceholder\":true,\"header_transparent_text_color\":\"light\",\"height\":\"viewport\",\"height_viewport\":50,\"id\":\"hero\",\"image\":\"wp-content\\\/uploads\\\/2026\\\/01\\\/shutterstock_2243593905.jpg\",\"image_loading\":true,\"image_parallax_bgy\":\"170,0\",\"image_position\":\"center-center\",\"image_size\":\"cover\",\"media_overlay\":\"rgba(0, 0, 0, 0.2)\",\"overlap\":true,\"padding_remove_bottom\":false,\"padding_remove_top\":false,\"style\":\"default\",\"title_breakpoint\":\"xl\",\"title_position\":\"top-left\",\"title_rotation\":\"left\",\"vertical_align\":\"middle\",\"width\":\"default\"},\"children\":[{\"type\":\"row\",\"props\":{\"margin\":\"medium\",\"margin_remove_bottom\":true,\"margin_remove_top\":false},\"children\":[{\"type\":\"column\",\"props\":{\"image_height\":\"220\",\"image_parallax_bgy\":\"230,0\",\"image_position\":\"bottom-right\",\"image_width\":\"220\",\"position_sticky_breakpoint\":\"m\",\"text_color\":\"light\",\"width_medium\":\"1-1\"},\"children\":[{\"type\":\"headline\",\"props\":{\"content\":\"<strong>Schweine<\\\/strong>\",\"content_fr_fr\":\"<strong>Porcs<\\\/strong>\",\"text_align\":\"center\",\"title_element\":\"h1\",\"title_style\":\"heading-medium\"}},{\"type\":\"button\",\"props\":{\"fullwidth\":false,\"grid_column_gap\":\"small\",\"grid_row_gap\":\"small\",\"margin\":\"default\",\"text_align\":\"center\"},\"children\":[{\"type\":\"button_item\",\"props\":{\"button_style\":\"primary\",\"content\":\"Mehr erfahren\",\"content_fr_fr\":\"Savoir plus\",\"dialog_layout\":\"modal\",\"dialog_offcanvas_flip\":true,\"icon\":\"arrow-down\",\"icon_align\":\"left\",\"link\":\"#inhalt\"}}]}]}]}]},{\"name\":\"Tools\",\"type\":\"section\",\"props\":{\"animation\":\"slide-bottom-medium\",\"animation_delay\":\"200\",\"id\":\"inhalt\",\"image_position\":\"center-center\",\"padding\":\"large\",\"style\":\"default\",\"title_breakpoint\":\"xl\",\"title_position\":\"top-left\",\"title_rotation\":\"left\",\"vertical_align\":\"\",\"width\":\"default\"},\"children\":[{\"type\":\"row\",\"children\":[{\"type\":\"column\",\"props\":{\"image_position\":\"center-center\",\"position_sticky_breakpoint\":\"m\",\"width_medium\":\"1-1\"},\"children\":[{\"type\":\"grid\",\"props\":{\"animation\":\"slide-bottom-small\",\"content_column_breakpoint\":\"m\",\"filter_align\":\"left\",\"filter_all\":true,\"filter_grid_breakpoint\":\"m\",\"filter_grid_width\":\"auto\",\"filter_position\":\"top\",\"filter_style\":\"tab\",\"grid_column_gap\":\"large\",\"grid_default\":\"1\",\"grid_divider\":false,\"grid_medium\":\"\",\"grid_row_gap\":\"large\",\"grid_small\":\"2\",\"icon_width\":80,\"image_align\":\"top\",\"image_grid_breakpoint\":\"m\",\"image_grid_width\":\"1-2\",\"image_svg_animate\":true,\"image_svg_color\":\"secondary\",\"image_svg_inline\":true,\"item_animation\":true,\"lightbox_bg_close\":true,\"link_style\":\"default\",\"link_text\":\"Read more\",\"link_text_fr_fr\":\"SSA \\u2013 Petits ruminants, cervid\\u00e9s et cam\\u00e9lid\\u00e9s du Nouveau Monde\",\"margin\":\"default\",\"meta_align\":\"below-title\",\"meta_element\":\"div\",\"meta_style\":\"text-meta\",\"parallax_easing\":\"1\",\"show_content\":true,\"show_hover_image\":true,\"show_hover_video\":true,\"show_image\":true,\"show_link\":true,\"show_meta\":true,\"show_title\":true,\"show_video\":true,\"text_align\":\"left\",\"text_align_breakpoint\":\"m\",\"text_align_fallback\":\"center\",\"title_align\":\"top\",\"title_element\":\"h3\",\"title_grid_breakpoint\":\"m\",\"title_grid_width\":\"1-2\",\"title_hover_style\":\"reset\"},\"children\":[{\"type\":\"grid_item\",\"props\":{\"content\":\"\n\n<p>Im Bereich der Schweineproduktion arbeitet Nutztiergesundheit Schweiz (NTGS) mit den Anbietern des Schweinegesundheitsprogramms zusammen. Der Fokus liegt auf der Koordination von Massnahmen zur Pr\\u00e4vention und Reduktion gesundheitlicher Risiken und fachlichem Austausch.<\\\/p>\\n\n\n<ul>\\n\n\n<li><a href=\\\"https:\\\/\\\/qualiporc.ch\\\/\\\">Der Gesundheitsservice der Qualiporc Genossenschaft (QGS) <\\\/a>ist ein Gesundheitsdienst f\\u00fcr Schweine mit Schwerpunkt auf Tiergesundheit, Tierwohl und Programmen entlang der Wertsch\\u00f6pfungskette.<\\\/li>\\n<\\\/ul>\",\"content_fr_fr\":\"\n\n<p data-start=\\\"86\\\" data-end=\\\"372\\\">Dans le domaine de la production porcine, Sant\\u00e9 des animaux de rente Suisse (NTGS) collabore avec les prestataires du programme de sant\\u00e9 porcine. L\\u2019accent est mis sur la coordination des mesures de pr\\u00e9vention et de r\\u00e9duction des risques sanitaires ainsi que sur les \\u00e9changes techniques.<\\\/p>\\n\n\n<ul data-start=\\\"374\\\" data-end=\\\"1030\\\">\\n\n\n<li data-start=\\\"374\\\" data-end=\\\"560\\\">\\n\n\n<p data-start=\\\"376\\\" data-end=\\\"560\\\"><a href=\\\"https:\\\/\\\/qualiporc.ch\\\/\\\">Le service de sant\\u00e9 de la coop\\u00e9rative Qualiporc<\\\/a> (QGS) est un service de sant\\u00e9 porcine ax\\u00e9 sur la sant\\u00e9 animale, le bien-\\u00eatre animal et des programmes tout au long de la cha\\u00eene de valeur.<\\\/p>\\n\n\n<div class=\\\"flex flex-col text-sm pb-25\\\">\\n\n\n<article class=\\\"text-token-text-primary w-full focus:outline-none [--shadow-height:45px] has-data-writing-block:pointer-events-none has-data-writing-block:-mt-(--shadow-height) has-data-writing-block:pt-(--shadow-height) [&amp;:has([data-writing-block])&gt;*]:pointer-events-auto [content-visibility:auto] supports-[content-visibility:auto]:[contain-intrinsic-size:auto_100lvh] scroll-mt-[calc(var(--header-height)+min(200px,max(70px,20svh)))]\\\" dir=\\\"auto\\\" data-turn-id=\\\"request-WEB:ec87a9dd-fbeb-4e92-ac0f-1309ccff2867-0\\\" data-testid=\\\"conversation-turn-2\\\" data-scroll-anchor=\\\"true\\\" data-turn=\\\"assistant\\\" tabindex=\\\"-1\\\">\\n\n\n<div class=\\\"text-base my-auto mx-auto pb-10 [--thread-content-margin:--spacing(4)] @w-sm\\\/main:[--thread-content-margin:--spacing(6)] @w-lg\\\/main:[--thread-content-margin:--spacing(16)] px-(--thread-content-margin)\\\">\\n\n\n<div class=\\\"[--thread-content-max-width:40rem] @w-lg\\\/main:[--thread-content-max-width:48rem] mx-auto max-w-(--thread-content-max-width) flex-1 group\\\/turn-messages focus-visible:outline-hidden relative flex w-full min-w-0 flex-col agent-turn\\\" tabindex=\\\"-1\\\">\\n\n\n<div class=\\\"z-0 flex min-h-[46px] justify-start\\\"><\\\/div>\\n<\\\/div>\\n<\\\/div>\\n<\\\/article>\\n<\\\/div>\\n<\\\/li>\\n<\\\/ul>\",\"image\":\"\",\"title\":\"\"}},{\"type\":\"grid_item\",\"props\":{\"content\":\"\n\n<ul>\\n\n\n<li>Die <a href=\\\"https:\\\/\\\/www.suisag.com\\\/ch-de\\\/\\\">SUISAG<\\\/a> ist ein innovatives, wertorientiertes Unternehmen f\\u00fcr Schweizer Schweineproduzenten sowie internationale Genetikkunden und f\\u00fchrend in den Bereichen Genetik, Gesundheitsprogramme und Servicequalit\\u00e4t und f\\u00f6rdert eine ganzheitliche Betrachtung von Genetik, Tiergesundheit und Herdenmanagement als Grundlage f\\u00fcr eine wirtschaftliche und pr\\u00e4ventiv ausgerichtete Schweinehaltung.<\\\/li>\\n<\\\/ul>\",\"content_fr_fr\":\"\n\n<ul>\\n\n\n<li><a href=\\\"https:\\\/\\\/www.suisag.com\\\/be-fr\\\/\\\">SUISAG <\\\/a>est une entreprise innovante et ax\\u00e9e sur les valeurs, au service des producteurs porcins suisses ainsi que de clients internationaux dans le domaine de la g\\u00e9n\\u00e9tique. Elle est leader dans les domaines de la g\\u00e9n\\u00e9tique, des programmes de sant\\u00e9 et de la qualit\\u00e9 des services, et promeut une approche globale int\\u00e9grant la g\\u00e9n\\u00e9tique, la sant\\u00e9 animale et la gestion des troupeaux comme base d\\u2019un \\u00e9levage porcin \\u00e9conomiquement viable et orient\\u00e9 vers la pr\\u00e9vention.<\\\/li>\\n<\\\/ul>\",\"image\":\"\",\"title\":\"\"}}]}]}]}]}],\"version\":\"4.5.32\",\"yooessentialsVersion\":\"2.4.12\"} --><\/p>\n","protected":false},"excerpt":{"rendered":"<p>Schweine Mehr erfahren Im Bereich der Schweineproduktion arbeitet Nutztiergesundheit Schweiz (NTGS) mit den Anbietern des Schweinegesundheitsprogramms zusammen. Der Fokus liegt auf der Koordination von Massnahmen zur Pr\u00e4vention und Reduktion gesundheitlicher Risiken und fachlichem Austausch. Der Gesundheitsservice der Qualiporc Genossenschaft (QGS) ist ein Gesundheitsdienst f\u00fcr Schweine mit Schwerpunkt auf Tiergesundheit, Tierwohl und Programmen entlang der Wertsch\u00f6pfungskette. [&hellip;]<\/p>\n","protected":false},"author":4,"featured_media":0,"parent":2427,"menu_order":0,"comment_status":"closed","ping_status":"closed","template":"","meta":{"_acf_changed":false,"footnotes":""},"class_list":["post-3126","page","type-page","status-publish","hentry"],"acf":[],"_links":{"self":[{"href":"https:\/\/ntgs.weserve-wp-demo.ch\/fr\/wp-json\/wp\/v2\/pages\/3126","targetHints":{"allow":["GET"]}}],"collection":[{"href":"https:\/\/ntgs.weserve-wp-demo.ch\/fr\/wp-json\/wp\/v2\/pages"}],"about":[{"href":"https:\/\/ntgs.weserve-wp-demo.ch\/fr\/wp-json\/wp\/v2\/types\/page"}],"author":[{"embeddable":true,"href":"https:\/\/ntgs.weserve-wp-demo.ch\/fr\/wp-json\/wp\/v2\/users\/4"}],"replies":[{"embeddable":true,"href":"https:\/\/ntgs.weserve-wp-demo.ch\/fr\/wp-json\/wp\/v2\/comments?post=3126"}],"version-history":[{"count":22,"href":"https:\/\/ntgs.weserve-wp-demo.ch\/fr\/wp-json\/wp\/v2\/pages\/3126\/revisions"}],"predecessor-version":[{"id":3896,"href":"https:\/\/ntgs.weserve-wp-demo.ch\/fr\/wp-json\/wp\/v2\/pages\/3126\/revisions\/3896"}],"up":[{"embeddable":true,"href":"https:\/\/ntgs.weserve-wp-demo.ch\/fr\/wp-json\/wp\/v2\/pages\/2427"}],"wp:attachment":[{"href":"https:\/\/ntgs.weserve-wp-demo.ch\/fr\/wp-json\/wp\/v2\/media?parent=3126"}],"curies":[{"name":"wp","href":"https:\/\/api.w.org\/{rel}","templated":true}]}}