{"id":2553,"date":"2025-12-05T11:27:07","date_gmt":"2025-12-05T10:27:07","guid":{"rendered":"https:\/\/ntgs.weserve-wp-demo.ch\/?page_id=2553"},"modified":"2026-02-10T14:02:30","modified_gmt":"2026-02-10T13:02:30","slug":"tgd-gefluegel","status":"publish","type":"page","link":"https:\/\/ntgs.weserve-wp-demo.ch\/fr\/tiergesundheitsdienste\/tgd-gefluegel\/","title":{"rendered":"Volailles"},"content":{"rendered":"<h1><strong>Gefl\u00fcgel<\/strong><\/h1>\n<p><p>\n        <a href=\"#inhalt\">Mehr erfahren<\/a>\n    <\/p>\n<\/p>\n<ul>\n<li>\n<div>\n<article class=\"text-token-text-primary w-full focus:outline-none [--shadow-height:45px] has-data-writing-block:pointer-events-none has-data-writing-block:-mt-(--shadow-height) has-data-writing-block:pt-(--shadow-height) [&amp;:has([data-writing-block])&gt;*]:pointer-events-auto scroll-mt-[calc(var(--header-height)+min(200px,max(70px,20svh)))]\" dir=\"auto\" data-turn-id=\"request-WEB:3518d9be-24d7-429e-bbbe-badf949ab0fb-1\" data-testid=\"conversation-turn-4\" data-scroll-anchor=\"true\" data-turn=\"assistant\" tabindex=\"-1\">\n<div class=\"text-base my-auto mx-auto pb-10 [--thread-content-margin:--spacing(4)] @w-sm\/main:[--thread-content-margin:--spacing(6)] @w-lg\/main:[--thread-content-margin:--spacing(16)] px-(--thread-content-margin)\">\n<div class=\"[--thread-content-max-width:40rem] @w-lg\/main:[--thread-content-max-width:48rem] mx-auto max-w-(--thread-content-max-width) flex-1 group\/turn-messages focus-visible:outline-hidden relative flex w-full min-w-0 flex-col agent-turn\" tabindex=\"-1\">\n<div class=\"flex max-w-full flex-col grow\">\n<div data-message-author-role=\"assistant\" data-message-id=\"4c1d7b4b-f1ab-4f23-86be-46453b23189f\" dir=\"auto\" class=\"min-h-8 text-message relative flex w-full flex-col items-end gap-2 text-start break-words whitespace-normal [.text-message+&amp;]:mt-1\" data-message-model-slug=\"gpt-5-1\">\n<div class=\"flex w-full flex-col gap-1 empty:hidden first:pt-[1px]\">\n<div class=\"markdown prose dark:prose-invert w-full break-words light markdown-new-styling\">\n<p data-start=\"40\" data-end=\"375\">Die Gefl\u00fcgelhaltung in der Schweiz steht vor mehreren Herausforderungen, wie dem Anstieg von Tierkrankheiten (z. B. der Vogelgrippe) und den Auswirkungen des Klimawandels auf die Tiergesundheit. Es ist entscheidend, innovative L\u00f6sungen zu finden, um eine gesunde, nachhaltige und zukunftsorientierte Gefl\u00fcgelproduktion sicherzustellen.<\/p>\n<p data-start=\"377\" data-end=\"646\" data-is-last-node=\"\" data-is-only-node=\"\">Laut dem Bundesamt f\u00fcr Landwirtschaft (BLW) gibt es in der Schweiz 13,2 Millionen H\u00fchner, darunter 3,8 Millionen Legehennen. Auch die Bereiche Eierproduktion und Mastgefl\u00fcgel spielen eine wichtige Rolle. Eine gute Gesundheit der Gefl\u00fcgelbest\u00e4nde ist daher unerl\u00e4sslich.<\/p>\n<\/div>\n<\/div>\n<\/div>\n<\/div>\n<div class=\"z-0 flex min-h-[46px] justify-start\"><\/div>\n<\/div>\n<\/div>\n<\/article>\n<div aria-hidden=\"true\" data-edge=\"true\" class=\"pointer-events-none h-px w-px\"><\/div>\n<\/div>\n<\/li>\n<li>\n<div>\n<p>Gesundheitsprobleme k\u00f6nnen sich besonders schnell in grossen Best\u00e4nden ausbreiten, weshalb pr\u00e4ventive Massnahmen besonders wichtig sind. Zu den wichtigsten Massnahmen geh\u00f6ren:<\/p>\n<ul>\n<li><strong>Biosicherheit<\/strong>: strenge Hygienemassnahmen und Schutz vor Wildv\u00f6geln\n<\/li>\n<li><strong>Gesundheitschecks<\/strong> durch Tier\u00e4rzte\n<\/li>\n<li><strong>Impfungen<\/strong> gegen g\u00e4ngige Gefl\u00fcgelkrankheiten\n<\/li>\n<li><strong>Ausgewogene F\u00fctterung<\/strong> und <strong>artgerechte Haltung<\/strong><\/li>\n<\/ul>\n<\/div>\n<\/li>\n<\/ul>\n<div>\n<p>Die NTGS arbeitet im Gefl\u00fcgelbereich mit dem GGD und Aviforum zusammen. Die Bestandesbetreuung steht allen Gefl\u00fcgelhalter:innen offen. Mehr Informationen unter:<\/p>\n<\/div>\n<p><p>\n        <a href=\"https:\/\/www.ggd.ch\/\">Home \u2013 Gefl\u00fcgelgesundheitsdienst GGD AG<\/a>\n    <\/p>\n<\/p>\n<p><p>\n        <a href=\"https:\/\/www.aviforum.ch\/Home.aspx\">Aviforum<\/a>\n    <\/p>\n<\/p>\n<p><!--more--><br \/>\n<!-- {\"type\":\"layout\",\"children\":[{\"name\":\"Hero - Unterseite\",\"type\":\"section\",\"props\":{\"animation\":\"slide-bottom-medium\",\"animation_delay\":\"200\",\"header_transparent\":false,\"header_transparent_noplaceholder\":true,\"header_transparent_text_color\":\"light\",\"height\":\"viewport\",\"height_viewport\":50,\"id\":\"hero\",\"image\":\"wp-content\\\/uploads\\\/2025\\\/10\\\/14221.jpg\",\"image_loading\":true,\"image_parallax_bgy\":\"170,0\",\"image_position\":\"center-center\",\"image_size\":\"cover\",\"media_overlay\":\"rgba(0, 0, 0, 0.2)\",\"overlap\":true,\"padding_remove_bottom\":false,\"padding_remove_top\":false,\"style\":\"default\",\"title_breakpoint\":\"xl\",\"title_position\":\"top-left\",\"title_rotation\":\"left\",\"vertical_align\":\"middle\",\"width\":\"default\"},\"children\":[{\"type\":\"row\",\"props\":{\"margin\":\"medium\",\"margin_remove_bottom\":true,\"margin_remove_top\":false},\"children\":[{\"type\":\"column\",\"props\":{\"image_height\":\"220\",\"image_parallax_bgy\":\"230,0\",\"image_position\":\"bottom-right\",\"image_width\":\"220\",\"position_sticky_breakpoint\":\"m\",\"text_color\":\"light\",\"width_medium\":\"1-1\"},\"children\":[{\"type\":\"headline\",\"props\":{\"content\":\"<strong>Gefl\\u00fcgel<\\\/strong>\",\"content_fr_fr\":\"<strong>Avicole<\\\/strong>\",\"text_align\":\"center\",\"title_element\":\"h1\",\"title_style\":\"heading-medium\"}},{\"type\":\"button\",\"props\":{\"fullwidth\":false,\"grid_column_gap\":\"small\",\"grid_row_gap\":\"small\",\"margin\":\"default\",\"text_align\":\"center\"},\"children\":[{\"type\":\"button_item\",\"props\":{\"button_style\":\"primary\",\"content\":\"Mehr erfahren\",\"content_fr_fr\":\"Savoir plus\",\"dialog_layout\":\"modal\",\"dialog_offcanvas_flip\":true,\"icon\":\"arrow-down\",\"icon_align\":\"left\",\"link\":\"#inhalt\"}}]}]}]}]},{\"name\":\"Tools\",\"type\":\"section\",\"props\":{\"animation\":\"slide-bottom-medium\",\"animation_delay\":\"200\",\"id\":\"inhalt\",\"image_position\":\"center-center\",\"padding\":\"large\",\"style\":\"default\",\"title_breakpoint\":\"xl\",\"title_position\":\"top-left\",\"title_rotation\":\"left\",\"vertical_align\":\"\",\"width\":\"default\"},\"children\":[{\"type\":\"row\",\"children\":[{\"type\":\"column\",\"props\":{\"image_position\":\"center-center\",\"position_sticky_breakpoint\":\"m\",\"width_medium\":\"1-1\"},\"children\":[{\"type\":\"grid\",\"props\":{\"animation\":\"slide-bottom-small\",\"content_column_breakpoint\":\"m\",\"filter_align\":\"left\",\"filter_all\":true,\"filter_grid_breakpoint\":\"m\",\"filter_grid_width\":\"auto\",\"filter_position\":\"top\",\"filter_style\":\"tab\",\"grid_column_gap\":\"large\",\"grid_default\":\"1\",\"grid_divider\":false,\"grid_medium\":\"\",\"grid_row_gap\":\"large\",\"grid_small\":\"2\",\"icon_width\":80,\"image_align\":\"top\",\"image_grid_breakpoint\":\"m\",\"image_grid_width\":\"1-2\",\"image_svg_animate\":true,\"image_svg_color\":\"secondary\",\"image_svg_inline\":true,\"item_animation\":true,\"lightbox_bg_close\":true,\"link_style\":\"default\",\"link_text\":\"Read more\",\"margin\":\"default\",\"meta_align\":\"below-title\",\"meta_element\":\"div\",\"meta_style\":\"text-meta\",\"parallax_easing\":\"1\",\"show_content\":true,\"show_hover_image\":true,\"show_hover_video\":true,\"show_image\":true,\"show_link\":true,\"show_meta\":true,\"show_title\":true,\"show_video\":true,\"text_align\":\"justify\",\"text_align_breakpoint\":\"m\",\"text_align_fallback\":\"center\",\"title_align\":\"top\",\"title_element\":\"h3\",\"title_grid_breakpoint\":\"m\",\"title_grid_width\":\"1-2\",\"title_hover_style\":\"reset\"},\"children\":[{\"type\":\"grid_item\",\"props\":{\"content\":\"\n\n<article class=\\\"text-token-text-primary w-full focus:outline-none [--shadow-height:45px] has-data-writing-block:pointer-events-none has-data-writing-block:-mt-(--shadow-height) has-data-writing-block:pt-(--shadow-height) [&amp;:has([data-writing-block])&gt;*]:pointer-events-auto scroll-mt-[calc(var(--header-height)+min(200px,max(70px,20svh)))]\\\" dir=\\\"auto\\\" data-turn-id=\\\"request-WEB:3518d9be-24d7-429e-bbbe-badf949ab0fb-1\\\" data-testid=\\\"conversation-turn-4\\\" data-scroll-anchor=\\\"true\\\" data-turn=\\\"assistant\\\" tabindex=\\\"-1\\\">\\n\n\n<div class=\\\"text-base my-auto mx-auto pb-10 [--thread-content-margin:--spacing(4)] @w-sm\\\/main:[--thread-content-margin:--spacing(6)] @w-lg\\\/main:[--thread-content-margin:--spacing(16)] px-(--thread-content-margin)\\\">\\n\n\n<div class=\\\"[--thread-content-max-width:40rem] @w-lg\\\/main:[--thread-content-max-width:48rem] mx-auto max-w-(--thread-content-max-width) flex-1 group\\\/turn-messages focus-visible:outline-hidden relative flex w-full min-w-0 flex-col agent-turn\\\" tabindex=\\\"-1\\\">\\n\n\n<div class=\\\"flex max-w-full flex-col grow\\\">\\n\n\n<div data-message-author-role=\\\"assistant\\\" data-message-id=\\\"4c1d7b4b-f1ab-4f23-86be-46453b23189f\\\" dir=\\\"auto\\\" class=\\\"min-h-8 text-message relative flex w-full flex-col items-end gap-2 text-start break-words whitespace-normal [.text-message+&amp;]:mt-1\\\" data-message-model-slug=\\\"gpt-5-1\\\">\\n\n\n<div class=\\\"flex w-full flex-col gap-1 empty:hidden first:pt-[1px]\\\">\\n\n\n<div class=\\\"markdown prose dark:prose-invert w-full break-words light markdown-new-styling\\\">\\n\n\n<p data-start=\\\"40\\\" data-end=\\\"375\\\">Die Gefl\\u00fcgelhaltung in der Schweiz steht vor mehreren Herausforderungen, wie dem Anstieg von Tierkrankheiten (z. B. der Vogelgrippe) und den Auswirkungen des Klimawandels auf die Tiergesundheit. Es ist entscheidend, innovative L\\u00f6sungen zu finden, um eine gesunde, nachhaltige und zukunftsorientierte Gefl\\u00fcgelproduktion sicherzustellen.<\\\/p>\\n\n\n<p data-start=\\\"377\\\" data-end=\\\"646\\\" data-is-last-node=\\\"\\\" data-is-only-node=\\\"\\\">Laut dem Bundesamt f\\u00fcr Landwirtschaft (BLW) gibt es in der Schweiz 13,2 Millionen H\\u00fchner, darunter 3,8 Millionen Legehennen. Auch die Bereiche Eierproduktion und Mastgefl\\u00fcgel spielen eine wichtige Rolle. Eine gute Gesundheit der Gefl\\u00fcgelbest\\u00e4nde ist daher unerl\\u00e4sslich.<\\\/p>\\n<\\\/div>\\n<\\\/div>\\n<\\\/div>\\n<\\\/div>\\n\n\n<div class=\\\"z-0 flex min-h-[46px] justify-start\\\"><\\\/div>\\n<\\\/div>\\n<\\\/div>\\n<\\\/article>\\n\n\n<div aria-hidden=\\\"true\\\" data-edge=\\\"true\\\" class=\\\"pointer-events-none h-px w-px\\\"><\\\/div>\",\"content_fr_fr\":\"\n\n<p>L\\u2019aviculture en Suisse est confront\\u00e9e \\u00e0 plusieurs d\\u00e9fis, tels que l\\u2019augmentation des maladies animales (comme la grippe aviaire) et les effets du changement climatique sur la sant\\u00e9 des animaux. Il est essentiel de trouver des solutions innovantes afin de garantir une production avicole saine, durable et tourn\\u00e9e vers l\\u2019avenir.<\\\/p>\\n\n\n<p><\\\/p>\\n\n\n<p>Selon l\\u2019Office f\\u00e9d\\u00e9ral de l\\u2019agriculture (OFAG), la Suisse compte 13,2 millions de poules, dont 3,8 millions de poules pondeuses. Les secteurs de la production d\\u2019\\u0153ufs et de la volaille de chair jouent \\u00e9galement un r\\u00f4le important. Une bonne sant\\u00e9 des volailles est donc indispensable.<\\\/p>\",\"image\":\"\",\"title\":\"\"}},{\"type\":\"grid_item\",\"props\":{\"content\":\"\n\n<p>Gesundheitsprobleme k\\u00f6nnen sich besonders schnell in grossen Best\\u00e4nden ausbreiten, weshalb pr\\u00e4ventive Massnahmen besonders wichtig sind. Zu den wichtigsten Massnahmen geh\\u00f6ren:<\\\/p>\\n\n\n<ul>\\n\n\n<li><strong>Biosicherheit<\\\/strong>: strenge Hygienemassnahmen und Schutz vor Wildv\\u00f6geln<br \\\/><br \\\/><\\\/li>\\n\n\n<li><strong>Gesundheitschecks<\\\/strong> durch Tier\\u00e4rzte<br \\\/><br \\\/><\\\/li>\\n\n\n<li><strong>Impfungen<\\\/strong> gegen g\\u00e4ngige Gefl\\u00fcgelkrankheiten<br \\\/><br \\\/><\\\/li>\\n\n\n<li><strong>Ausgewogene F\\u00fctterung<\\\/strong> und <strong>artgerechte Haltung<\\\/strong><\\\/li>\\n<\\\/ul>\",\"content_fr_fr\":\"\n\n<p data-start=\\\"40\\\" data-end=\\\"245\\\">Les probl\\u00e8mes de sant\\u00e9 peuvent se propager particuli\\u00e8rement rapidement dans les grands troupeaux, ce qui rend les mesures pr\\u00e9ventives d\\u2019autant plus importantes. Parmi les principales mesures figurent :<\\\/p>\\n\n\n<ul data-start=\\\"247\\\" data-end=\\\"529\\\" data-is-last-node=\\\"\\\" data-is-only-node=\\\"\\\">\\n\n\n<li data-start=\\\"247\\\" data-end=\\\"337\\\">\\n\n\n<p data-start=\\\"249\\\" data-end=\\\"337\\\"><strong>Bios\\u00e9curit\\u00e9<\\\/strong>: mesures d\\u2019hygi\\u00e8ne strictes et protection contre les oiseaux sauvages<\\\/p>\\n<\\\/li>\\n\n\n<li data-start=\\\"338\\\" data-end=\\\"395\\\">\\n\n\n<p data-start=\\\"340\\\" data-end=\\\"395\\\"><strong>Contr\\u00f4les de sant\\u00e9 effectu\\u00e9s<\\\/strong> par des v\\u00e9t\\u00e9rinaires<\\\/p>\\n<\\\/li>\\n\n\n<li data-start=\\\"396\\\" data-end=\\\"455\\\">\\n\n\n<p data-start=\\\"398\\\" data-end=\\\"455\\\"><strong>Vaccinations<\\\/strong> contre les maladies aviaires courantes<\\\/p>\\n<\\\/li>\\n\n\n<li data-start=\\\"456\\\" data-end=\\\"529\\\" data-is-last-node=\\\"\\\">\\n\n\n<p data-start=\\\"458\\\" data-end=\\\"529\\\" data-is-last-node=\\\"\\\"><strong>Alimentation<\\\/strong> \\u00e9quilibr\\u00e9e et conditions d\\u2019\\u00e9levage adapt\\u00e9es \\u00e0 l\\u2019esp\\u00e8ce<\\\/p>\\n<\\\/li>\\n<\\\/ul>\",\"image\":\"\",\"title\":\"\"}}]}]}]}]},{\"name\":\"Fixed-Image Block\",\"type\":\"section\",\"props\":{\"animation\":\"scale-down\",\"animation_delay\":\"200\",\"image\":\"wp-content\\\/uploads\\\/2025\\\/10\\\/14221.jpg\",\"image_effect\":\"fixed\",\"image_position\":\"center-center\",\"image_width\":3000,\"media_overlay\":\"rgba(0, 0, 0, 0.5)\",\"padding\":\"large\",\"style\":\"primary\",\"title\":\"Special Offer\",\"title_breakpoint\":\"xl\",\"title_position\":\"center-right\",\"title_rotation\":\"left\",\"vertical_align\":\"\",\"width\":\"default\"},\"children\":[{\"type\":\"row\",\"children\":[{\"type\":\"column\",\"props\":{\"image_position\":\"center-center\",\"position_sticky_breakpoint\":\"m\",\"vertical_align\":\"middle\"},\"children\":[{\"type\":\"text\",\"props\":{\"block_align\":\"center\",\"column_breakpoint\":\"m\",\"content\":\"\n\n<p>Die NTGS arbeitet im Gefl\\u00fcgelbereich mit dem GGD und Aviforum zusammen. Die Bestandesbetreuung steht allen Gefl\\u00fcgelhalter:innen offen. Mehr Informationen unter:<\\\/p>\",\"content_fr_fr\":\"\n\n<p style=\\\"text-align: center;\\\">Dans le domaine de la volaille, la NTGS collabore avec le GGD et Aviforum. Le suivi sanitaire est ouvert \\u00e0 tous les d\\u00e9tenteurs et d\\u00e9tentrices de volaille. Plus d\\u2019informations sous:<\\\/p>\",\"margin\":\"default\",\"maxwidth\":\"xlarge\",\"text_align\":\"center\",\"text_color\":\"primary\",\"text_style\":\"lead\"}},{\"type\":\"button\",\"props\":{\"grid_column_gap\":\"small\",\"grid_row_gap\":\"small\",\"margin\":\"default\",\"text_align\":\"center\"},\"children\":[{\"type\":\"button_item\",\"props\":{\"button_style\":\"primary\",\"content\":\"Home \\u2013 Gefl\\u00fcgelgesundheitsdienst GGD AG\",\"dialog_layout\":\"modal\",\"dialog_offcanvas_flip\":true,\"icon\":\"link-external\",\"icon_align\":\"left\",\"link\":\"https:\\\/\\\/www.ggd.ch\\\/\",\"link_fr_fr\":\"https:\\\/\\\/www.ggd.ch\\\/\",\"link_target\":\"blank\"}}]},{\"type\":\"button\",\"props\":{\"grid_column_gap\":\"small\",\"grid_row_gap\":\"small\",\"margin\":\"default\",\"text_align\":\"center\"},\"children\":[{\"type\":\"button_item\",\"props\":{\"button_style\":\"primary\",\"content\":\"Aviforum\",\"dialog_layout\":\"modal\",\"dialog_offcanvas_flip\":true,\"icon\":\"link-external\",\"icon_align\":\"left\",\"link\":\"https:\\\/\\\/www.aviforum.ch\\\/Home.aspx\",\"link_fr_fr\":\"https:\\\/\\\/www.aviforum.ch\\\/fr\\\/Home.aspx\",\"link_target\":\"blank\"}}]}]}]}]}],\"version\":\"4.5.32\",\"yooessentialsVersion\":\"2.4.12\"} --><\/p>\n","protected":false},"excerpt":{"rendered":"<p>Gefl\u00fcgel Mehr erfahren Die Gefl\u00fcgelhaltung in der Schweiz steht vor mehreren Herausforderungen, wie dem Anstieg von Tierkrankheiten (z. B. der Vogelgrippe) und den Auswirkungen des Klimawandels auf die Tiergesundheit. Es ist entscheidend, innovative L\u00f6sungen zu finden, um eine gesunde, nachhaltige und zukunftsorientierte Gefl\u00fcgelproduktion sicherzustellen. Laut dem Bundesamt f\u00fcr Landwirtschaft (BLW) gibt es in der Schweiz [&hellip;]<\/p>\n","protected":false},"author":4,"featured_media":0,"parent":2427,"menu_order":1,"comment_status":"closed","ping_status":"closed","template":"","meta":{"_acf_changed":false,"footnotes":""},"class_list":["post-2553","page","type-page","status-publish","hentry"],"acf":[],"_links":{"self":[{"href":"https:\/\/ntgs.weserve-wp-demo.ch\/fr\/wp-json\/wp\/v2\/pages\/2553","targetHints":{"allow":["GET"]}}],"collection":[{"href":"https:\/\/ntgs.weserve-wp-demo.ch\/fr\/wp-json\/wp\/v2\/pages"}],"about":[{"href":"https:\/\/ntgs.weserve-wp-demo.ch\/fr\/wp-json\/wp\/v2\/types\/page"}],"author":[{"embeddable":true,"href":"https:\/\/ntgs.weserve-wp-demo.ch\/fr\/wp-json\/wp\/v2\/users\/4"}],"replies":[{"embeddable":true,"href":"https:\/\/ntgs.weserve-wp-demo.ch\/fr\/wp-json\/wp\/v2\/comments?post=2553"}],"version-history":[{"count":32,"href":"https:\/\/ntgs.weserve-wp-demo.ch\/fr\/wp-json\/wp\/v2\/pages\/2553\/revisions"}],"predecessor-version":[{"id":3901,"href":"https:\/\/ntgs.weserve-wp-demo.ch\/fr\/wp-json\/wp\/v2\/pages\/2553\/revisions\/3901"}],"up":[{"embeddable":true,"href":"https:\/\/ntgs.weserve-wp-demo.ch\/fr\/wp-json\/wp\/v2\/pages\/2427"}],"wp:attachment":[{"href":"https:\/\/ntgs.weserve-wp-demo.ch\/fr\/wp-json\/wp\/v2\/media?parent=2553"}],"curies":[{"name":"wp","href":"https:\/\/api.w.org\/{rel}","templated":true}]}}