{"id":21,"date":"2019-09-06T14:59:48","date_gmt":"2019-09-06T14:59:48","guid":{"rendered":"https:\/\/ntgs.weserve-wp-demo.ch\/?page_id=21"},"modified":"2026-03-19T16:06:46","modified_gmt":"2026-03-19T15:06:46","slug":"fachinformationen","status":"publish","type":"page","link":"https:\/\/ntgs.weserve-wp-demo.ch\/fr\/fachinformationen\/","title":{"rendered":"Informations sp\u00e9cialis\u00e9es"},"content":{"rendered":"<h2>Fachinformationen<\/h2>\n<ul>\n<li>\n<p>        <img decoding=\"async\" src=\"\/wp-content\/uploads\/2025\/10\/close-up-view-cow-healthy-eating-grass-field-organic-milk-production-scaled.jpg\" alt=\"\"><\/p>\n<h3>Biosicherheit<\/h3>\n<div>\n<p>Biosicherheit beginnt im Alltag: Kleine Schritte, grosse Wirkung.<\/p>\n<\/div>\n<p><a href=\"\/fachinformationen\/biosicherheit\/\"><\/a><\/p>\n<\/li>\n<li>\n<p>        <img decoding=\"async\" src=\"\/wp-content\/uploads\/2025\/10\/cows-meadows-alpine-mountains-scaled.jpg\" alt=\"\"><\/p>\n<h3>Bestandesbetreuung<\/h3>\n<div>\n<p>Die integrierte Bestandesbetreuung bringt Landwirt:innen und Tier\u00e4rzt:innen zusammen \u2013 f\u00fcr weniger Krankheiten, mehr Tierwohl und stabile Leistungen.<\/p>\n<\/div>\n<p><a href=\"\/fachinformationen\/bestandesbetreuung\/\"><\/a><\/p>\n<\/li>\n<li>\n<p>        <img decoding=\"async\" src=\"\/wp-content\/uploads\/2025\/10\/photorealistic-scene-pig-farm-with-animals-scaled.jpg\" alt=\"\"><\/p>\n<h3>Forschung Schweinemedizin<\/h3>\n<p><a href=\"\/fachinformationen\/forschung-schweinemedizin\/\"><\/a><\/p>\n<\/li>\n<li>\n<p>        <img decoding=\"async\" src=\"\/wp-content\/uploads\/2026\/01\/ChatGPT-Image-28.-Jan.-2026-15_15_13.png\" alt=\"\"><\/p>\n<h3>Forschung Rindermedizin<\/h3>\n<p><a href=\"\/fachinformationen\/forschung-rindermedizin\/\"><\/a><\/p>\n<\/li>\n<li>\n<p>        <img decoding=\"async\" src=\"\/wp-content\/uploads\/2026\/01\/shutterstock_89981227.jpg\" alt=\"\"><\/p>\n<h3>Fachinformationen f\u00fcr alle Tierarten<\/h3>\n<div>\n<p>EpiTools unterst\u00fctzt dich mit einer umfangreichen Auswahl kostenloser Rechner \u2013 f\u00fcr die Planung, Durchf\u00fchrung und Auswertung epidemiologischer Studien, f\u00fcr die Krankheits\u00fcberwachung und f\u00fcr die Bewertung diagnostischer Tests. Einfach, schnell und direkt im Browser nutzbar.<\/p>\n<\/div>\n<p><a href=\"https:\/\/epitools.epimundi.com\/?tab=home\"><\/a><\/p>\n<\/li>\n<li>\n<p>        <img decoding=\"async\" src=\"\/wp-content\/uploads\/2025\/10\/vet-doctor-making-vaccination-cows-scaled.jpg\" alt=\"\"><\/p>\n<h3>Tierarzneimittel<\/h3>\n<p><a href=\"\/fachinformationen\/tierarzneimittel\/\"><\/a><\/p>\n<\/li>\n<\/ul>\n<p><!--more--><br \/>\n<!-- {\"type\":\"layout\",\"children\":[{\"name\":\"Gallery\",\"type\":\"section\",\"props\":{\"animation\":\"slide-bottom-medium\",\"animation_delay\":\"200\",\"id\":\"plugins\",\"image_position\":\"top-center\",\"padding\":\"large\",\"padding_remove_bottom\":false,\"padding_remove_top\":false,\"style\":\"default\",\"title_breakpoint\":\"xl\",\"title_position\":\"top-left\",\"title_rotation\":\"left\",\"vertical_align\":\"\",\"width\":\"default\"},\"children\":[{\"type\":\"row\",\"props\":{\"layout\":\"1-2,1-2\",\"margin\":\"large\",\"margin_remove_top\":true},\"children\":[{\"type\":\"column\",\"props\":{\"image_position\":\"center-center\",\"position_sticky_breakpoint\":\"m\",\"width_small\":\"1-2\"},\"children\":[{\"type\":\"headline\",\"props\":{\"content\":\"Fachinformationen\",\"content_fr_fr\":\"Information technique\",\"margin\":\"large\",\"margin_remove_top\":true,\"title_element\":\"h2\",\"title_style\":\"h1\"}}]},{\"type\":\"column\",\"props\":{\"image_position\":\"center-center\",\"position_sticky_breakpoint\":\"m\",\"width_small\":\"1-2\"}}]},{\"type\":\"row\",\"children\":[{\"type\":\"column\",\"props\":{\"image_position\":\"center-center\",\"position_sticky_breakpoint\":\"m\",\"width_small\":\"1-1\"},\"children\":[{\"type\":\"grid\",\"props\":{\"content_column_breakpoint\":\"m\",\"filter_align\":\"left\",\"filter_all\":true,\"filter_grid_breakpoint\":\"m\",\"filter_grid_width\":\"auto\",\"filter_position\":\"top\",\"filter_style\":\"tab\",\"grid_default\":\"1\",\"grid_medium\":\"3\",\"grid_small\":\"2\",\"icon_width\":80,\"image_align\":\"top\",\"image_grid_breakpoint\":\"m\",\"image_grid_width\":\"1-2\",\"image_height\":400,\"image_svg_color\":\"emphasis\",\"image_width\":\"600\",\"item_animation\":true,\"lightbox_bg_close\":true,\"link_style\":\"default\",\"link_text\":\"\",\"margin\":\"default\",\"meta_align\":\"below-title\",\"meta_element\":\"div\",\"meta_margin\":\"small\",\"meta_style\":\"text-meta\",\"panel_image_no_padding\":true,\"panel_link\":true,\"panel_link_hover\":\"true\",\"panel_padding\":\"default\",\"panel_style\":\"card-default\",\"parallax_easing\":\"1\",\"show_content\":true,\"show_hover_image\":true,\"show_hover_video\":true,\"show_image\":true,\"show_link\":true,\"show_meta\":true,\"show_title\":true,\"show_video\":true,\"text_align\":\"left\",\"title_align\":\"top\",\"title_element\":\"h3\",\"title_grid_breakpoint\":\"m\",\"title_grid_width\":\"1-2\",\"title_hover_style\":\"reset\",\"title_style\":\"h4\"},\"children\":[{\"type\":\"grid_item\",\"props\":{\"content\":\"\n\n<p>Biosicherheit beginnt im Alltag: Kleine Schritte, grosse Wirkung.<\\\/p>\",\"content_fr_fr\":\"\n\n<p>La bios\\u00e9curit\\u00e9 commence au quotidien : de petits gestes pour un grand impact.<\\\/p>\",\"image\":\"wp-content\\\/uploads\\\/2025\\\/10\\\/close-up-view-cow-healthy-eating-grass-field-organic-milk-production-scaled.jpg\",\"item_element\":\"article\",\"link\":\"fachinformationen\\\/biosicherheit\\\/\",\"link_fr_fr\":\"\\\/fr\\\/fachinformationen\\\/biosicherheit\\\/\",\"meta\":\"\",\"title\":\"Biosicherheit\",\"title_fr_fr\":\"Bios\\u00e9curit\\u00e9\"}},{\"type\":\"grid_item\",\"props\":{\"content\":\"\n\n<p>Die integrierte Bestandesbetreuung bringt Landwirt:innen und Tier\\u00e4rzt:innen zusammen \\u2013 f\\u00fcr weniger Krankheiten, mehr Tierwohl und stabile Leistungen.<\\\/p>\",\"content_fr_fr\":\"\n\n<p>La surveillance int\\u00e9gr\\u00e9e des troupeaux r\\u00e9unit \\u00e9leveurs et v\\u00e9t\\u00e9rinaires \\u2013 pour moins de maladies, plus de bien-\\u00eatre animal et des performances stables.<\\\/p>\",\"image\":\"wp-content\\\/uploads\\\/2025\\\/10\\\/cows-meadows-alpine-mountains-scaled.jpg\",\"item_element\":\"article\",\"link\":\"fachinformationen\\\/bestandesbetreuung\\\/\",\"link_fr_fr\":\"\\\/fr\\\/fachinformationen\\\/bestandesbetreuung\\\/\",\"meta\":\"\",\"title\":\"Bestandesbetreuung\",\"title_fr_fr\":\"Gestion du troupeau\"}},{\"type\":\"grid_item\",\"props\":{\"image\":\"wp-content\\\/uploads\\\/2025\\\/10\\\/photorealistic-scene-pig-farm-with-animals-scaled.jpg\",\"item_element\":\"article\",\"link\":\"fachinformationen\\\/forschung-schweinemedizin\\\/\",\"link_fr_fr\":\"\\\/fr\\\/fachinformationen\\\/forschung-schweinemedizin\\\/\",\"meta\":\"\",\"title\":\"Forschung Schweinemedizin\",\"title_fr_fr\":\"Recherche m\\u00e9decine porcine\"}},{\"type\":\"grid_item\",\"props\":{\"image\":\"wp-content\\\/uploads\\\/2026\\\/01\\\/ChatGPT-Image-28.-Jan.-2026-15_15_13.png\",\"item_element\":\"article\",\"link\":\"fachinformationen\\\/forschung-rindermedizin\\\/\",\"link_fr_fr\":\"\\\/fr\\\/fachinformationen\\\/forschung-rindermedizin\\\/\",\"meta\":\"\",\"title\":\"Forschung Rindermedizin\",\"title_fr_fr\":\"Recherche m\\u00e9decine bovine\"}},{\"type\":\"grid_item\",\"props\":{\"content\":\"\n\n<p>EpiTools unterst\\u00fctzt dich mit einer umfangreichen Auswahl kostenloser Rechner \\u2013 f\\u00fcr die Planung, Durchf\\u00fchrung und Auswertung epidemiologischer Studien, f\\u00fcr die Krankheits\\u00fcberwachung und f\\u00fcr die Bewertung diagnostischer Tests. Einfach, schnell und direkt im Browser nutzbar.<\\\/p>\",\"content_fr_fr\":\"\n\n<p>EpiTools vous accompagne avec un large choix de calculateurs gratuits \\u2013 pour la planification, la r\\u00e9alisation et l\\u2019analyse d\\u2019\\u00e9tudes \\u00e9pid\\u00e9miologiques, pour la surveillance des maladies et pour l\\u2019\\u00e9valuation des tests diagnostiques. Simple, rapide et utilisable directement dans le navigateur.<\\\/p>\",\"image\":\"wp-content\\\/uploads\\\/2026\\\/01\\\/shutterstock_89981227.jpg\",\"item_element\":\"article\",\"link\":\"https:\\\/\\\/epitools.epimundi.com\\\/?tab=home\",\"link_fr_fr\":\"https:\\\/\\\/epitools.epimundi.com\\\/?tab=home\",\"meta\":\"\",\"title\":\"Fachinformationen f\\u00fcr alle Tierarten\",\"title_fr_fr\":\"Informations sp\\u00e9cialis\\u00e9es pour toutes les esp\\u00e8ces animales\"}},{\"type\":\"grid_item\",\"props\":{\"image\":\"wp-content\\\/uploads\\\/2025\\\/10\\\/vet-doctor-making-vaccination-cows-scaled.jpg\",\"item_element\":\"article\",\"link\":\"fachinformationen\\\/tierarzneimittel\\\/\",\"link_fr_fr\":\"\\\/fr\\\/fachinformationen\\\/tierarzneimittel\\\/\",\"meta\":\"\",\"title\":\"Tierarzneimittel\",\"title_fr_fr\":\"M\\u00e9dicaments v\\u00e9t\\u00e9rinaires\"}},{\"type\":\"grid_item\",\"props\":{\"image\":\"wp-content\\\/uploads\\\/2025\\\/10\\\/closeup-shot-yawning-deer-with-beautiful-horns-scaled.jpg\",\"item_element\":\"article\",\"link\":\"?page_id=2\",\"meta\":\"Lorem ipsum dolor sit amet\",\"status\":\"disabled\",\"title\":\"Forschung kleine Wiederk\\u00e4uer\\\/NWK\\\/Hirsche\"}},{\"type\":\"grid_item\",\"props\":{\"content\":\"\n\n<p>Bundesrat passt Gesetzgebung an<\\\/p>\",\"content_fr_fr\":\"\n\n<p>Le Conseil f\\u00e9d\\u00e9ral adapte la l\\u00e9gislation<\\\/p>\",\"image\":\"wp-content\\\/uploads\\\/2025\\\/10\\\/veterinary-lab-robe-standing-cowshed-scaled.jpg\",\"item_element\":\"article\",\"link\":\"fachinformationen\\\/tierische-eiweisse-im-einsatz\\\/\",\"link_fr_fr\":\"\\\/fr\\\/fachinformationen\\\/tierische-eiweisse-im-einsatz\\\/\",\"meta\":\"\",\"status\":\"disabled\",\"title\":\"Verf\\u00fctterung von verarbeiteten tierischen Eiweissen\",\"title_fr_fr\":\"Prot\\u00e9ines animales transform\\u00e9es\"}}]}]}]}]}],\"version\":\"4.5.32\",\"yooessentialsVersion\":\"2.4.12\"} --><\/p>\n","protected":false},"excerpt":{"rendered":"<p>Fachinformationen Biosicherheit Biosicherheit beginnt im Alltag: Kleine Schritte, grosse Wirkung. Bestandesbetreuung Die integrierte Bestandesbetreuung bringt Landwirt:innen und Tier\u00e4rzt:innen zusammen \u2013 f\u00fcr weniger Krankheiten, mehr Tierwohl und stabile Leistungen. Forschung Schweinemedizin Forschung Rindermedizin Fachinformationen f\u00fcr alle Tierarten EpiTools unterst\u00fctzt dich mit einer umfangreichen Auswahl kostenloser Rechner \u2013 f\u00fcr die Planung, Durchf\u00fchrung und Auswertung epidemiologischer Studien, f\u00fcr [&hellip;]<\/p>\n","protected":false},"author":1,"featured_media":0,"parent":0,"menu_order":2,"comment_status":"closed","ping_status":"closed","template":"","meta":{"_acf_changed":false,"footnotes":""},"class_list":["post-21","page","type-page","status-publish","hentry"],"acf":[],"_links":{"self":[{"href":"https:\/\/ntgs.weserve-wp-demo.ch\/fr\/wp-json\/wp\/v2\/pages\/21","targetHints":{"allow":["GET"]}}],"collection":[{"href":"https:\/\/ntgs.weserve-wp-demo.ch\/fr\/wp-json\/wp\/v2\/pages"}],"about":[{"href":"https:\/\/ntgs.weserve-wp-demo.ch\/fr\/wp-json\/wp\/v2\/types\/page"}],"author":[{"embeddable":true,"href":"https:\/\/ntgs.weserve-wp-demo.ch\/fr\/wp-json\/wp\/v2\/users\/1"}],"replies":[{"embeddable":true,"href":"https:\/\/ntgs.weserve-wp-demo.ch\/fr\/wp-json\/wp\/v2\/comments?post=21"}],"version-history":[{"count":50,"href":"https:\/\/ntgs.weserve-wp-demo.ch\/fr\/wp-json\/wp\/v2\/pages\/21\/revisions"}],"predecessor-version":[{"id":4067,"href":"https:\/\/ntgs.weserve-wp-demo.ch\/fr\/wp-json\/wp\/v2\/pages\/21\/revisions\/4067"}],"wp:attachment":[{"href":"https:\/\/ntgs.weserve-wp-demo.ch\/fr\/wp-json\/wp\/v2\/media?parent=21"}],"curies":[{"name":"wp","href":"https:\/\/api.w.org\/{rel}","templated":true}]}}